{"id":6372,"date":"2025-11-05T11:19:23","date_gmt":"2025-11-05T09:19:23","guid":{"rendered":"https:\/\/somakaipsyche.gr\/?page_id=6372"},"modified":"2026-02-13T16:28:00","modified_gmt":"2026-02-13T14:28:00","slug":"therapeftiko-yin-yoga","status":"publish","type":"page","link":"https:\/\/somakaipsyche.gr\/de\/methodoi-2\/therapeftiko-yin-yoga\/","title":{"rendered":"Therapeutisches Yin Yoga"},"content":{"rendered":"<div data-elementor-type=\"wp-page\" data-elementor-id=\"6372\" class=\"elementor elementor-6372\">\n\t\t\t\t<div class=\"elementor-element elementor-element-07688e3 e-con-full thegem-e-con-layout-thegem e-flex e-con e-parent\" data-id=\"07688e3\" data-element_type=\"container\" data-settings=\"{&quot;thegem_custom_css&quot;:&quot;@media(max-width: 1630px) and (min-width: 1401px){\\n    .hero-heading .thegem-heading {\\n        font-size: 55px;\\n        line-height: 65px;\\n    }\\n}&quot;,&quot;thegem_container_layout&quot;:&quot;thegem&quot;}\">\r\n\t\t<div class=\"elementor-element elementor-element-71baa2c e-con-full thegem-e-con-layout-thegem e-flex e-con e-child\" data-id=\"71baa2c\" data-element_type=\"container\" data-settings=\"{&quot;thegem_container_layout&quot;:&quot;thegem&quot;}\">\r\n\t\t<div class=\"elementor-element elementor-element-7700e80 e-con-full thegem-e-con-layout-thegem e-flex e-con e-child\" data-id=\"7700e80\" data-element_type=\"container\" data-settings=\"{&quot;background_background&quot;:&quot;classic&quot;,&quot;thegem_container_layout&quot;:&quot;thegem&quot;}\">\r\n\t\t\t\t<div class=\"elementor-element elementor-element-04b3460 flex-horizontal-align-default flex-horizontal-align-tablet-default flex-horizontal-align-mobile-default flex-vertical-align-default flex-vertical-align-tablet-default flex-vertical-align-mobile-default elementor-widget elementor-widget-thegem-template-post-title\" data-id=\"04b3460\" data-element_type=\"widget\" data-widget_type=\"thegem-template-post-title.default\">\n\t\t\t\t<div class=\"elementor-widget-container\">\n\t\t\t\t\t<div class=\"thegem-te-post-title\"> <div class=\"post-title title-xlarge\"> <span>Therapeutisches Yin Yoga<\/span> <\/div> <\/div>\t\t\t\t<\/div>\n\t\t\t\t<\/div>\n\t\t\t\t<div class=\"elementor-element elementor-element-177e38c elementor-widget__width-initial elementor-widget-tablet__width-inherit flex-horizontal-align-default flex-horizontal-align-tablet-default flex-horizontal-align-mobile-default flex-vertical-align-default flex-vertical-align-tablet-default flex-vertical-align-mobile-default elementor-widget elementor-widget-thegem-template-post-excerpt\" data-id=\"177e38c\" data-element_type=\"widget\" data-widget_type=\"thegem-template-post-excerpt.default\">\n\t\t\t\t<div class=\"elementor-widget-container\">\n\t\t\t\t\t<div class=\"thegem-te-post-excerpt\"> <div class=\"post-excerpt styled-subtitle\"> <p>Die Stille als Ort der Heilung und Erneuerung<\/p> <\/div> <\/div>\t\t\t\t<\/div>\n\t\t\t\t<\/div>\n\t\t\t\t<div class=\"elementor-element elementor-element-6aa263c elementor-absolute elementor-hidden-mobile flex-horizontal-align-default flex-horizontal-align-tablet-default flex-horizontal-align-mobile-default flex-vertical-align-default flex-vertical-align-tablet-default flex-vertical-align-mobile-default elementor-widget elementor-widget-thegem-styledimage\" data-id=\"6aa263c\" data-element_type=\"widget\" data-settings=\"{&quot;image&quot;:{&quot;url&quot;:&quot;https:\\\/\\\/somakaipsyche.gr\\\/wp-content\\\/uploads\\\/2025\\\/04\\\/wave-01.svg&quot;,&quot;id&quot;:&quot;131&quot;,&quot;size&quot;:&quot;&quot;},&quot;image_position&quot;:&quot;right&quot;,&quot;_position&quot;:&quot;absolute&quot;,&quot;thegem_elementor_preset&quot;:&quot;default&quot;}\" data-widget_type=\"thegem-styledimage.default\">\n\t\t\t\t<div class=\"elementor-widget-container\">\n\t\t\t\t\t\n<div class=\"styled-image-wrapper\">\n\t\t\t<div class=\"gem-image gem-wrapbox gem-wrapbox-default gem-wrapbox-position-right\">\n\t\t\t<div class=\"gem-wrapbox-inner\" >\n\t\t\t\t\t\t\t\t\t<img class=\"gem-wrapbox-element img-responsive\"\n\t\t\t\t\t\t src=\"https:\/\/somakaipsyche.gr\/wp-content\/uploads\/2025\/04\/wave-01.svg\"\n\t\t\t\t\t\t alt=\"wave-01 (Demo)\">\n\t\t\t\t\t\t\t\t<\/div>\n\t\t<\/div>\n\t\t<\/div>\n\n\n\t\n\t\t\t\t\t\t<\/div>\n\t\t\t\t<\/div>\n\t\t\t\t<\/div>\n\t\t<div class=\"elementor-element elementor-element-164b25c e-con-full thegem-e-con-layout-thegem e-flex e-con e-child\" data-id=\"164b25c\" data-element_type=\"container\" data-settings=\"{&quot;background_background&quot;:&quot;classic&quot;,&quot;thegem_container_layout&quot;:&quot;thegem&quot;}\">\r\n\t\t\t\t<div class=\"elementor-element elementor-element-9f1ae3c elementor-absolute elementor-hidden-mobile flex-horizontal-align-default flex-horizontal-align-tablet-default flex-horizontal-align-mobile-default flex-vertical-align-default flex-vertical-align-tablet-default flex-vertical-align-mobile-default elementor-widget elementor-widget-thegem-styledimage\" data-id=\"9f1ae3c\" data-element_type=\"widget\" data-settings=\"{&quot;image&quot;:{&quot;url&quot;:&quot;https:\\\/\\\/somakaipsyche.gr\\\/wp-content\\\/uploads\\\/2025\\\/04\\\/wave-02.svg&quot;,&quot;id&quot;:&quot;130&quot;,&quot;size&quot;:&quot;&quot;},&quot;_position&quot;:&quot;absolute&quot;,&quot;thegem_elementor_preset&quot;:&quot;default&quot;,&quot;image_position&quot;:&quot;left&quot;}\" data-widget_type=\"thegem-styledimage.default\">\n\t\t\t\t<div class=\"elementor-widget-container\">\n\t\t\t\t\t\n<div class=\"styled-image-wrapper\">\n\t\t\t<div class=\"gem-image gem-wrapbox gem-wrapbox-default gem-wrapbox-position-left\">\n\t\t\t<div class=\"gem-wrapbox-inner\" >\n\t\t\t\t\t\t\t\t\t<img class=\"gem-wrapbox-element img-responsive\"\n\t\t\t\t\t\t src=\"https:\/\/somakaipsyche.gr\/wp-content\/uploads\/2025\/04\/wave-02.svg\"\n\t\t\t\t\t\t alt=\"wave-02 (Demo)\">\n\t\t\t\t\t\t\t\t<\/div>\n\t\t<\/div>\n\t\t<\/div>\n\n\n\t\n\t\t\t\t\t\t<\/div>\n\t\t\t\t<\/div>\n\t\t\t\t<\/div>\n\t\t\t\t<\/div>\n\t\t\t\t<\/div>\n\t\t<div class=\"elementor-element elementor-element-b5c03bb thegem-e-con-layout-thegem e-flex e-con-boxed e-con e-parent\" data-id=\"b5c03bb\" data-element_type=\"container\" data-settings=\"{&quot;thegem_container_layout&quot;:&quot;thegem&quot;}\">\r\n\t\t\t\t\t<div class=\"e-con-inner\">\r\n\t\t\t\t<div class=\"elementor-element elementor-element-80f1c25 elementor-widget__width-initial elementor-widget-mobile__width-inherit flex-horizontal-align-default flex-horizontal-align-tablet-default flex-horizontal-align-mobile-default flex-vertical-align-default flex-vertical-align-tablet-default flex-vertical-align-mobile-default elementor-widget elementor-widget-thegem-animated-heading\" data-id=\"80f1c25\" data-element_type=\"widget\" data-widget_type=\"thegem-animated-heading.default\">\n\t\t\t\t<div class=\"elementor-widget-container\">\n\t\t\t\t\t<div class=\"thegem-heading thegem-animated-heading title-h2\" id=\"thegem-heading-80f1c25\"><span>Therapeutisches Yin Yoga ist eine sanfte, meditative Praxis, die es dem K\u00f6rper erm\u00f6glicht, tiefsitzende Verspannungen zu l\u00f6sen.<br \/>\n<\/span> <\/div><style type=\"text\/css\">#thegem-heading-80f1c25 {margin: 0;}#thegem-heading-80f1c25 {margin-left: auto; margin-right: auto;}#thegem-heading-80f1c25 > * {justify-content: center;}<\/style>\t\t\t\t<\/div>\n\t\t\t\t<\/div>\n\t\t\t\t\t<\/div>\n\t\t\t\t<\/div>\n\t\t<div class=\"elementor-element elementor-element-47268b5 thegem-e-con-layout-thegem e-flex e-con-boxed e-con e-parent\" data-id=\"47268b5\" data-element_type=\"container\" data-settings=\"{&quot;thegem_container_layout&quot;:&quot;thegem&quot;}\">\r\n\t\t\t\t\t<div class=\"e-con-inner\">\r\n\t\t<div class=\"elementor-element elementor-element-8f37b11 e-con-full thegem-e-con-layout-thegem e-flex e-con e-child\" data-id=\"8f37b11\" data-element_type=\"container\" data-settings=\"{&quot;thegem_container_layout&quot;:&quot;thegem&quot;}\">\r\n\t\t\t\t<div class=\"elementor-element elementor-element-dfe6c62 flex-horizontal-align-default flex-horizontal-align-tablet-default flex-horizontal-align-mobile-default flex-vertical-align-default flex-vertical-align-tablet-default flex-vertical-align-mobile-default elementor-widget elementor-widget-thegem-styledimage\" data-id=\"dfe6c62\" data-element_type=\"widget\" data-settings=\"{&quot;image&quot;:{&quot;url&quot;:&quot;https:\\\/\\\/somakaipsyche.gr\\\/wp-content\\\/uploads\\\/2025\\\/11\\\/105778.jpg&quot;,&quot;id&quot;:6399,&quot;size&quot;:&quot;&quot;,&quot;alt&quot;:&quot;&quot;,&quot;source&quot;:&quot;library&quot;},&quot;thegem_elementor_preset&quot;:&quot;default&quot;,&quot;image_position&quot;:&quot;left&quot;}\" data-widget_type=\"thegem-styledimage.default\">\n\t\t\t\t<div class=\"elementor-widget-container\">\n\t\t\t\t\t\n<div class=\"styled-image-wrapper\">\n\t\t\t<div class=\"gem-image gem-wrapbox gem-wrapbox-default gem-wrapbox-position-left\">\n\t\t\t<div class=\"gem-wrapbox-inner\" >\n\t\t\t\t\t\t\t\t\t<img class=\"gem-wrapbox-element img-responsive\"\n\t\t\t\t\t\t src=\"https:\/\/somakaipsyche.gr\/wp-content\/uploads\/2025\/11\/105778.jpg\"\n\t\t\t\t\t\t alt=\"105778\">\n\t\t\t\t\t\t\t\t<\/div>\n\t\t<\/div>\n\t\t<\/div>\n\n\n\t\n\t\t\t\t\t\t<\/div>\n\t\t\t\t<\/div>\n\t\t\t\t<\/div>\n\t\t<div class=\"elementor-element elementor-element-5daf421 e-con-full thegem-e-con-layout-thegem e-flex e-con e-child\" data-id=\"5daf421\" data-element_type=\"container\" data-settings=\"{&quot;thegem_container_layout&quot;:&quot;thegem&quot;}\">\r\n\t\t\t\t<div class=\"elementor-element elementor-element-6a0369d flex-horizontal-align-default flex-horizontal-align-tablet-default flex-horizontal-align-mobile-default flex-vertical-align-default flex-vertical-align-tablet-default flex-vertical-align-mobile-default elementor-widget elementor-widget-text-editor\" data-id=\"6a0369d\" data-element_type=\"widget\" data-widget_type=\"text-editor.default\">\n\t\t\t\t\t\t\t\t\t\t\t\t<div class=\"elementor-text-editor elementor-clearfix\">\r\n\t\t\t\t\t\t<p>Therapeutisches Yin Yoga ist eine sanfte, meditative Form des Yoga, die gezielt zur Regeneration, Stressreduktion und Unterst\u00fctzung von Heilungsprozessen eingesetzt wird.<\/p><p>Im Gegensatz zu dynamischen Yogastilen liegt der Fokus hier auf ruhigen, passiven Dehnungen, die mehrere Minuten lang gehalten werden. Dadurch werden die tieferen Bindegewebsschichten (Faszien), Gelenke und Energieleitbahnen (Meridiane) angesprochen.<\/p><p>In der therapeutischen Ausrichtung werden die Haltungen individuell angepasst - je nach k\u00f6rperlicher Verfassung, Einschr\u00e4nkungen oder therapeutischem Ziel. Dabei kommen Hilfsmittel wie Bolster, Decken oder Bl\u00f6cke zum Einsatz, um den K\u00f6rper sicher und entspannt zu unterst\u00fctzen.<\/p><p>Durch das lange Verweilen in den Positionen entsteht Raum f\u00fcr achtsame Selbstwahrnehmung, emotionale Regulation und ein Loslassen auf tiefen Ebenen.<\/p><p>Therapeutisches Yin Yoga kann hilfreich sein bei Stress, Ersch\u00f6pfung, Verspannungen, Schlafproblemen, chronischen Schmerzen oder psychosomatischen Beschwerden<\/p>\t\t\t\t\t\t\t<\/div>\r\n\t\t\t\t\t\t\t\t\t\t<\/div>\n\t\t\t\t<\/div>\n\t\t\t\t\t<\/div>\n\t\t\t\t<\/div>\n\t\t\t\t<\/div>","protected":false},"excerpt":{"rendered":"<p>Die Stille als Ort der Heilung und Erneuerung<\/p>","protected":false},"author":1,"featured_media":6850,"parent":6353,"menu_order":0,"comment_status":"closed","ping_status":"closed","template":"page-fullwidth.php","meta":{"_acf_changed":false,"footnotes":""},"class_list":["post-6372","page","type-page","status-publish","has-post-thumbnail"],"acf":[],"_hostinger_reach_plugin_has_subscription_block":false,"_hostinger_reach_plugin_is_elementor":false,"_links":{"self":[{"href":"https:\/\/somakaipsyche.gr\/de\/wp-json\/wp\/v2\/pages\/6372","targetHints":{"allow":["GET"]}}],"collection":[{"href":"https:\/\/somakaipsyche.gr\/de\/wp-json\/wp\/v2\/pages"}],"about":[{"href":"https:\/\/somakaipsyche.gr\/de\/wp-json\/wp\/v2\/types\/page"}],"author":[{"embeddable":true,"href":"https:\/\/somakaipsyche.gr\/de\/wp-json\/wp\/v2\/users\/1"}],"replies":[{"embeddable":true,"href":"https:\/\/somakaipsyche.gr\/de\/wp-json\/wp\/v2\/comments?post=6372"}],"version-history":[{"count":12,"href":"https:\/\/somakaipsyche.gr\/de\/wp-json\/wp\/v2\/pages\/6372\/revisions"}],"predecessor-version":[{"id":6596,"href":"https:\/\/somakaipsyche.gr\/de\/wp-json\/wp\/v2\/pages\/6372\/revisions\/6596"}],"up":[{"embeddable":true,"href":"https:\/\/somakaipsyche.gr\/de\/wp-json\/wp\/v2\/pages\/6353"}],"wp:featuredmedia":[{"embeddable":true,"href":"https:\/\/somakaipsyche.gr\/de\/wp-json\/wp\/v2\/media\/6850"}],"wp:attachment":[{"href":"https:\/\/somakaipsyche.gr\/de\/wp-json\/wp\/v2\/media?parent=6372"}],"curies":[{"name":"wp","href":"https:\/\/api.w.org\/{rel}","templated":true}]}}